{"id":52,"date":"2023-07-20T18:26:09","date_gmt":"2023-07-20T16:26:09","guid":{"rendered":"http:\/\/acidev.fr\/?page_id=52"},"modified":"2023-08-06T19:45:09","modified_gmt":"2023-08-06T17:45:09","slug":"mentions-legales","status":"publish","type":"page","link":"https:\/\/acidev.fr\/index.php\/mentions-legales\/","title":{"rendered":"Mentions l\u00e9gales"},"content":{"rendered":"\n<p><strong>PR\u00c9AMBULE<\/strong><\/p>\n\n\n\n<p>La navigation sur ce site suppose l\u2019acceptation sans r\u00e9serve des conditions suivantes :<\/p>\n\n\n\n<p><strong>INFORMATIONS G\u00c9N\u00c9RALES SUR LE PROPRI\u00c9TAIRE DU SITE<\/strong><\/p>\n\n\n\n<p>Le propri\u00e9taire du portail\u00a0ACIDEV.FR\u00a0est l&#8217;EI AMOURET<\/p>\n\n\n\n<p>Soci\u00e9t\u00e9 enregistr\u00e9e au: RCS DIJON 847 590 247.<\/p>\n\n\n\n<p>Enregistr\u00e9 pour : Conseil pour les affaires et autres conseils de gestion. Entreprise individuelle multi-services.<\/p>\n\n\n\n<p><strong>INFORMATIONS G\u00c9N\u00c9RALES SUR LES SERVICES PROPOS\u00c9S<\/strong><\/p>\n\n\n\n<p>L&#8217;entreprise est une entreprise multi-services dont les activit\u00e9s pr\u00e9sent\u00e9es sur ce site \u00e0 titre indicatif portent sur le conseil et le param\u00e9trage uniquement de solutions dont vous \u00eates propri\u00e9taires ou clients par ailleurs, sur vos propres outils. L&#8217;entreprise ne propose pas \u00e0 la vente de solutions logiciels ou h\u00e9berg\u00e9es ni de mat\u00e9riels et d\u2019h\u00e9bergement. En revanche votre conseiller pourra vous pr\u00e9senter diff\u00e9rentes solutions tierces en toute ind\u00e9pendance ne touchant pas de commissions de ces diff\u00e9rents prestataires. <\/p>\n\n\n\n<p>L&#8217;entreprise ne pourrait \u00eatre tenu pour responsable des d\u00e9faillances diverses imputables aux prestataires tiers et fournisseurs de solutions logiciels ou mat\u00e9riels.<\/p>\n\n\n\n<p><strong>DIRECTION DE LA PUBLICATION<\/strong><\/p>\n\n\n\n<p>Le Directeur de la publication sur ce portail est M. AMOURET.<\/p>\n\n\n\n<p><strong>PROPRI\u00c9T\u00c9 INTELLECTUELLE&nbsp;<\/strong><\/p>\n\n\n\n<p>Le site\u00a0<a href=\"https:\/\/acidev.fr\" data-type=\"URL\" data-id=\"https:\/\/acidev.fr\">acidev.fr<\/a>\u00a0est une \u0153uvre de l\u2019entreprise AMOURET et par extension de ses concepteurs au sens des articles L. 111.1 et suivants du Code de la propri\u00e9t\u00e9 intellectuelle.<\/p>\n\n\n\n<p>Les logos, illustrations, dessins, images, photographies, s\u00e9quences anim\u00e9es, vid\u00e9os et plus largement l\u2019ensemble du contenu du site, sont la propri\u00e9t\u00e9 exclusive de Monsieur Amouret ou de tiers autoris\u00e9s par cette m\u00eame entit\u00e9 \u00e0 les utiliser.<\/p>\n\n\n\n<p>Toute reproduction, de tout ou partie du site, par quelque proc\u00e9d\u00e9 que ce soit et sur quelque support que ce soit sans avoir obtenu le consentement de Monsieur  Amouret constitue un d\u00e9lit de contrefa\u00e7on.<\/p>\n\n\n\n<p>De m\u00eame, la mise en place de liens hypertexte vers le portail&nbsp;<a href=\"https:\/\/acidev.fr\" data-type=\"URL\" data-id=\"https:\/\/acidev.fr\">acidev.fr<\/a>&nbsp;doit faire l\u2019objet d\u2019une demande d\u2019autorisation pr\u00e9alable aupr\u00e8s de&nbsp;<a href=\"mailto:contact@acidev.fr\">contact@acidev.fr<\/a>.<\/p>\n\n\n\n<p><strong>INFORMATIQUE ET LIBERT\u00c9S<\/strong><\/p>\n\n\n\n<p>Les donn\u00e9es collect\u00e9es sur les formulaires de contact du portail\u00a0<a href=\"https:\/\/acidev.fr\" data-type=\"URL\" data-id=\"https:\/\/acidev.fr\">acidev.fr<\/a>\u00a0telles que nom\/\u00e9mail\/t\u00e9l\u00e9phone\/message sont exclusivement \u00e0 usage interne de l\u2019entit\u00e9 AMOURET.<\/p>\n\n\n\n<p>Elles ne peuvent \u00eatre ni vendues, lou\u00e9es, pr\u00eat\u00e9es ou \u00e9chang\u00e9es \u00e0 une entreprise tierce. Les formulaires de collecte de donn\u00e9es sont mis en place avec pour seuls buts d\u2019offrir aux clients une exp\u00e9rience de navigation optimale et de traiter avec r\u00e9activit\u00e9 leurs demandes. telles que nom\/email\/t\u00e9l\u00e9phone\/message sont exclusivement \u00e0 usage interne de l\u2019entit\u00e9 AMOURET.<\/p>\n\n\n\n<p>Concernant notre politique de collecte de donn\u00e9es sous la forme de cookies, vous trouverez toutes les informations n\u00e9cessaires sur cette&nbsp;page.<\/p>\n\n\n\n<p><strong>DROIT D\u2019ACC\u00c8S, R\u00c9CLAMATION ET M\u00c9DIATION EXTERNE<\/strong><\/p>\n\n\n\n<p>Vous disposez d\u2019un droit d\u2019acc\u00e8s pour la portabilit\u00e9 et la suppression de vos donn\u00e9es, pour cela merci de vous rendre sur cette&nbsp;page.<\/p>\n\n\n\n<p>Pour toute r\u00e9clamation, merci de vous adresser \u00e0&nbsp;<a href=\"mailto:contact@acidev.fr\">contact@acidev.fr<\/a>.<\/p>\n\n\n\n<p><strong>LIMITATION DE LA&nbsp;RESPONSABILIT\u00c9<\/strong><\/p>\n\n\n\n<p>Le contenu du portail&nbsp;<a href=\"https:\/\/acidev.fr\" data-type=\"URL\" data-id=\"https:\/\/acidev.fr\">acidev.fr<\/a> est exclusivement informatif et est en aucun cas contractuel.<\/p>\n\n\n\n<p>La soci\u00e9t\u00e9 se d\u00e9charge de toute responsabilit\u00e9 quant \u00e0 l\u2019utilisation qui est faite de son site et des \u00e9ventuels dommages mat\u00e9riels ou immat\u00e9riels pouvant en r\u00e9sulter.<\/p>\n\n\n\n<p><strong>DROIT APPLICABLE<\/strong><\/p>\n\n\n\n<p>Le droit applicable au portail&nbsp;<a href=\"https:\/\/acidev.fr\" data-type=\"URL\" data-id=\"https:\/\/acidev.fr\">acidev.fr<\/a> est le droit fran\u00e7ais.<\/p>\n\n\n\n<p>En cas de litige, seuls les tribunaux fran\u00e7ais sont comp\u00e9tents.<\/p>\n","protected":false},"excerpt":{"rendered":"<p>PR\u00c9AMBULE La navigation sur ce site suppose l\u2019acceptation sans r\u00e9serve des conditions suivantes : INFORMATIONS G\u00c9N\u00c9RALES SUR LE PROPRI\u00c9TAIRE DU SITE Le propri\u00e9taire du portail\u00a0ACIDEV.FR\u00a0est l&#8217;EI AMOURET Soci\u00e9t\u00e9 enregistr\u00e9e au: RCS DIJON 847 590 247. Enregistr\u00e9 pour : Conseil pour les affaires et autres conseils de gestion. Entreprise individuelle multi-services. INFORMATIONS G\u00c9N\u00c9RALES SUR LES SERVICES [&hellip;]<\/p>\n","protected":false},"author":1,"featured_media":0,"parent":0,"menu_order":0,"comment_status":"closed","ping_status":"closed","template":"","meta":{"site-sidebar-layout":"default","site-content-layout":"","ast-site-content-layout":"","site-content-style":"default","site-sidebar-style":"default","ast-global-header-display":"","ast-banner-title-visibility":"","ast-main-header-display":"","ast-hfb-above-header-display":"","ast-hfb-below-header-display":"","ast-hfb-mobile-header-display":"","site-post-title":"","ast-breadcrumbs-content":"","ast-featured-img":"","footer-sml-layout":"","theme-transparent-header-meta":"","adv-header-id-meta":"","stick-header-meta":"","header-above-stick-meta":"","header-main-stick-meta":"","header-below-stick-meta":"","astra-migrate-meta-layouts":"default","ast-page-background-enabled":"default","ast-page-background-meta":{"desktop":{"background-color":"var(--ast-global-color-4)","background-image":"","background-repeat":"repeat","background-position":"center center","background-size":"auto","background-attachment":"scroll","background-type":"","background-media":"","overlay-type":"","overlay-color":"","overlay-opacity":"","overlay-gradient":""},"tablet":{"background-color":"","background-image":"","background-repeat":"repeat","background-position":"center center","background-size":"auto","background-attachment":"scroll","background-type":"","background-media":"","overlay-type":"","overlay-color":"","overlay-opacity":"","overlay-gradient":""},"mobile":{"background-color":"","background-image":"","background-repeat":"repeat","background-position":"center center","background-size":"auto","background-attachment":"scroll","background-type":"","background-media":"","overlay-type":"","overlay-color":"","overlay-opacity":"","overlay-gradient":""}},"ast-content-background-meta":{"desktop":{"background-color":"var(--ast-global-color-5)","background-image":"","background-repeat":"repeat","background-position":"center center","background-size":"auto","background-attachment":"scroll","background-type":"","background-media":"","overlay-type":"","overlay-color":"","overlay-opacity":"","overlay-gradient":""},"tablet":{"background-color":"var(--ast-global-color-5)","background-image":"","background-repeat":"repeat","background-position":"center center","background-size":"auto","background-attachment":"scroll","background-type":"","background-media":"","overlay-type":"","overlay-color":"","overlay-opacity":"","overlay-gradient":""},"mobile":{"background-color":"var(--ast-global-color-5)","background-image":"","background-repeat":"repeat","background-position":"center center","background-size":"auto","background-attachment":"scroll","background-type":"","background-media":"","overlay-type":"","overlay-color":"","overlay-opacity":"","overlay-gradient":""}},"footnotes":""},"class_list":["post-52","page","type-page","status-publish","hentry"],"_links":{"self":[{"href":"https:\/\/acidev.fr\/index.php\/wp-json\/wp\/v2\/pages\/52","targetHints":{"allow":["GET"]}}],"collection":[{"href":"https:\/\/acidev.fr\/index.php\/wp-json\/wp\/v2\/pages"}],"about":[{"href":"https:\/\/acidev.fr\/index.php\/wp-json\/wp\/v2\/types\/page"}],"author":[{"embeddable":true,"href":"https:\/\/acidev.fr\/index.php\/wp-json\/wp\/v2\/users\/1"}],"replies":[{"embeddable":true,"href":"https:\/\/acidev.fr\/index.php\/wp-json\/wp\/v2\/comments?post=52"}],"version-history":[{"count":6,"href":"https:\/\/acidev.fr\/index.php\/wp-json\/wp\/v2\/pages\/52\/revisions"}],"predecessor-version":[{"id":80,"href":"https:\/\/acidev.fr\/index.php\/wp-json\/wp\/v2\/pages\/52\/revisions\/80"}],"wp:attachment":[{"href":"https:\/\/acidev.fr\/index.php\/wp-json\/wp\/v2\/media?parent=52"}],"curies":[{"name":"wp","href":"https:\/\/api.w.org\/{rel}","templated":true}]}}